{"id":31913,"date":"2022-09-09T04:25:53","date_gmt":"2022-09-09T02:25:53","guid":{"rendered":"https:\/\/laburea.com\/s%c9%99rtl%c9%99r\/"},"modified":"2023-05-08T20:55:05","modified_gmt":"2023-05-08T18:55:05","slug":"s%c9%99rtl%c9%99r","status":"publish","type":"page","link":"https:\/\/laburea.com\/az\/s%c9%99rtl%c9%99r\/","title":{"rendered":"\u015e\u0259rtl\u0259r"},"content":{"rendered":"\t\t<div data-elementor-type=\"wp-page\" data-elementor-id=\"31913\" class=\"elementor elementor-31913 elementor-55\" data-elementor-post-type=\"page\">\n\t\t\t\t\t\t<section class=\"elementor-section elementor-top-section elementor-element elementor-element-c046381 elementor-section-stretched elementor-section-boxed elementor-section-height-default elementor-section-height-default\" data-id=\"c046381\" data-element_type=\"section\" data-e-type=\"section\" data-settings=\"{&quot;stretch_section&quot;:&quot;section-stretched&quot;}\">\n\t\t\t\t\t\t<div class=\"elementor-container elementor-column-gap-extended\">\n\t\t\t\t\t<div class=\"elementor-column elementor-col-100 elementor-top-column elementor-element elementor-element-3ca3a21 elementor-invisible\" data-id=\"3ca3a21\" data-element_type=\"column\" data-e-type=\"column\" data-settings=\"{&quot;animation&quot;:&quot;slide-up&quot;}\">\n\t\t\t<div class=\"elementor-widget-wrap elementor-element-populated\">\n\t\t\t\t\t\t<div class=\"elementor-element elementor-element-2f0b6d8 elementor-widget elementor-widget-heading\" data-id=\"2f0b6d8\" data-element_type=\"widget\" data-e-type=\"widget\" data-widget_type=\"heading.default\">\n\t\t\t\t<div class=\"elementor-widget-container\">\n\t\t\t\t\t<h2 class=\"elementor-heading-title elementor-size-default\">\u015e\u0259rtl\u0259r v\u0259 Qaydalar<\/h2>\t\t\t\t<\/div>\n\t\t\t\t<\/div>\n\t\t\t\t<div class=\"elementor-element elementor-element-bbad914 elementor-widget elementor-widget-text-editor\" data-id=\"bbad914\" data-element_type=\"widget\" data-e-type=\"widget\" data-widget_type=\"text-editor.default\">\n\t\t\t\t<div class=\"elementor-widget-container\">\n\t\t\t\t\t\t\t\t\t<p>Ziyar\u0259t\u00e7iniz\u0259 m\u00f6hk\u0259m UX dizayn\u0131 il\u0259 hamar onlayn t\u0259cr\u00fcb\u0259 b\u0259x\u015f edin<\/p>\n\t\t\t\t\t\t\t\t<\/div>\n\t\t\t\t<\/div>\n\t\t\t\t\t<\/div>\n\t\t<\/div>\n\t\t\t\t\t<\/div>\n\t\t<\/section>\n\t\t\t\t<section class=\"elementor-section elementor-top-section elementor-element elementor-element-cbd9b0b elementor-section-stretched elementor-section-boxed elementor-section-height-default elementor-section-height-default\" data-id=\"cbd9b0b\" data-element_type=\"section\" data-e-type=\"section\" data-settings=\"{&quot;stretch_section&quot;:&quot;section-stretched&quot;}\">\n\t\t\t\t\t\t<div class=\"elementor-container elementor-column-gap-extended\">\n\t\t\t\t\t<div class=\"elementor-column elementor-col-100 elementor-top-column elementor-element elementor-element-69a5ff3 elementor-invisible\" data-id=\"69a5ff3\" data-element_type=\"column\" data-e-type=\"column\" data-settings=\"{&quot;animation&quot;:&quot;slide-up&quot;,&quot;animation_delay&quot;:300}\">\n\t\t\t<div class=\"elementor-widget-wrap elementor-element-populated\">\n\t\t\t\t\t\t<div class=\"elementor-element elementor-element-c6407ff elementor-widget elementor-widget-heading\" data-id=\"c6407ff\" data-element_type=\"widget\" data-e-type=\"widget\" data-widget_type=\"heading.default\">\n\t\t\t\t<div class=\"elementor-widget-container\">\n\t\t\t\t\t<h2 class=\"elementor-heading-title elementor-size-default\">1. Giri\u015f<\/h2>\t\t\t\t<\/div>\n\t\t\t\t<\/div>\n\t\t\t\t<div class=\"elementor-element elementor-element-aaa8b21 elementor-widget elementor-widget-text-editor\" data-id=\"aaa8b21\" data-element_type=\"widget\" data-e-type=\"widget\" data-widget_type=\"text-editor.default\">\n\t\t\t\t<div class=\"elementor-widget-container\">\n\t\t\t\t\t\t\t\t\t<p>Lorem ipsum dolor sit amet, consectetur adipiscing elit. Risus nascetur morbi nisl, mi, in the time is porttitor non. Augue nunc amet fringilla sit. Fringilla eget arcu sodales sed a, parturient fermentum amet scelerisque. Amet purus urna, dictumst aliquet aliquam natoque non, morbi pretium. Integer amet fermentum nibh viverra mollis consectetur arcu, ultrices dolor. Gravida purus arcu viverra eget. Aliquet tincidunt dignissim aliquam tempor nec id. Habitant suscipit sit semper duis odio amet, at.<\/p>\n\t\t\t\t\t\t\t\t<\/div>\n\t\t\t\t<\/div>\n\t\t\t\t<div class=\"elementor-element elementor-element-a3974ce elementor-widget elementor-widget-text-editor\" data-id=\"a3974ce\" data-element_type=\"widget\" data-e-type=\"widget\" data-widget_type=\"text-editor.default\">\n\t\t\t\t<div class=\"elementor-widget-container\">\n\t\t\t\t\t\t\t\t\t<p>Massa ultricies v\u0259 arcu velit eget gravida purus ultrices eget. Orci, fames eu facilisi justo. Lacus netus a sed justo v\u0259 ya leo leo pellentesque. Ya\u015fay\u0131\u015f zaman\u0131 he\u00e7 bir faydas\u0131 yoxdur. Vitae neque orci dui eu ac tincidunt. Egestas placerat egestas netus nec velit gravida consectetur laoreet vitae. Velit sed enim habitant habitant non diam. S\u0259m\u0259r\u0259li bir tempor v\u0259 leo tempor. Ultricies amet, habitasse adipiscing bibendum consequat amet, sed. Id convallis suspendisse vitae, lacinia mattis cursus montes, dui. Tortor lobortis dignissim eget egestas. Eget enim auctor unc eget mattis sollicitudin senectus diam. Tincidunt morbi egestas dignissim eget id aliquam. <\/p>\n\t\t\t\t\t\t\t\t<\/div>\n\t\t\t\t<\/div>\n\t\t\t\t\t<\/div>\n\t\t<\/div>\n\t\t\t\t\t<\/div>\n\t\t<\/section>\n\t\t\t\t<section class=\"elementor-section elementor-top-section elementor-element elementor-element-5e07be4 elementor-section-stretched elementor-section-boxed elementor-section-height-default elementor-section-height-default\" data-id=\"5e07be4\" data-element_type=\"section\" data-e-type=\"section\" data-settings=\"{&quot;stretch_section&quot;:&quot;section-stretched&quot;}\">\n\t\t\t\t\t\t<div class=\"elementor-container elementor-column-gap-extended\">\n\t\t\t\t\t<div class=\"elementor-column elementor-col-100 elementor-top-column elementor-element elementor-element-0de0bf2 elementor-invisible\" data-id=\"0de0bf2\" data-element_type=\"column\" data-e-type=\"column\" data-settings=\"{&quot;animation&quot;:&quot;slide-up&quot;,&quot;animation_delay&quot;:500}\">\n\t\t\t<div class=\"elementor-widget-wrap elementor-element-populated\">\n\t\t\t\t\t\t<div class=\"elementor-element elementor-element-648ca62 elementor-widget elementor-widget-heading\" data-id=\"648ca62\" data-element_type=\"widget\" data-e-type=\"widget\" data-widget_type=\"heading.default\">\n\t\t\t\t<div class=\"elementor-widget-container\">\n\t\t\t\t\t<h2 class=\"elementor-heading-title elementor-size-default\">2. Saytlardan \u0130stifad\u0259niz<\/h2>\t\t\t\t<\/div>\n\t\t\t\t<\/div>\n\t\t\t\t<div class=\"elementor-element elementor-element-e9864fb elementor-widget elementor-widget-text-editor\" data-id=\"e9864fb\" data-element_type=\"widget\" data-e-type=\"widget\" data-widget_type=\"text-editor.default\">\n\t\t\t\t<div class=\"elementor-widget-container\">\n\t\t\t\t\t\t\t\t\t<p>Lorem ipsum dolor sit amet, consectetur adipiscing elit. Risus nascetur morbi nisl, mi, in the time is porttitor non. Augue nunc amet fringilla sit. Fringilla eget arcu sodales sed a, parturient fermentum amet scelerisque. Amet purus urna, dictumst aliquet aliquam natoque non, morbi pretium. Integer amet fermentum nibh viverra mollis consectetur arcu, ultrices dolor. Gravida purus arcu viverra eget. Aliquet tincidunt dignissim aliquam tempor nec id. Habitant suscipit sit semper duis odio amet, at.<\/p>\n\t\t\t\t\t\t\t\t<\/div>\n\t\t\t\t<\/div>\n\t\t\t\t<div class=\"elementor-element elementor-element-96f69db elementor-widget elementor-widget-text-editor\" data-id=\"96f69db\" data-element_type=\"widget\" data-e-type=\"widget\" data-widget_type=\"text-editor.default\">\n\t\t\t\t<div class=\"elementor-widget-container\">\n\t\t\t\t\t\t\t\t\t<p>Massa ultricies v\u0259 arcu velit eget gravida purus ultrices eget. Orci, fames eu facilisi justo. Lacus netus a sed justo v\u0259 ya leo leo pellentesque. Ya\u015fay\u0131\u015f zaman\u0131 he\u00e7 bir faydas\u0131 yoxdur. Vitae neque orci dui eu ac tincidunt. Egestas placerat egestas netus nec velit gravida consectetur laoreet vitae. Velit sed enim habitant habitant non diam. S\u0259m\u0259r\u0259li bir tempor v\u0259 leo tempor. Ultricies amet, habitasse adipiscing bibendum consequat amet, sed. Id convallis suspendisse vitae, lacinia mattis cursus montes, dui. Tortor lobortis dignissim eget egestas. Eget enim auctor unc eget mattis sollicitudin senectus diam. Tincidunt morbi egestas dignissim eget id aliquam. <\/p>\n\t\t\t\t\t\t\t\t<\/div>\n\t\t\t\t<\/div>\n\t\t\t\t\t<\/div>\n\t\t<\/div>\n\t\t\t\t\t<\/div>\n\t\t<\/section>\n\t\t\t\t<section class=\"elementor-section elementor-top-section elementor-element elementor-element-a5a39cd elementor-section-stretched elementor-section-boxed elementor-section-height-default elementor-section-height-default\" data-id=\"a5a39cd\" data-element_type=\"section\" data-e-type=\"section\" data-settings=\"{&quot;stretch_section&quot;:&quot;section-stretched&quot;}\">\n\t\t\t\t\t\t<div class=\"elementor-container elementor-column-gap-extended\">\n\t\t\t\t\t<div class=\"elementor-column elementor-col-100 elementor-top-column elementor-element elementor-element-472a587 elementor-invisible\" data-id=\"472a587\" data-element_type=\"column\" data-e-type=\"column\" data-settings=\"{&quot;animation&quot;:&quot;slide-up&quot;}\">\n\t\t\t<div class=\"elementor-widget-wrap elementor-element-populated\">\n\t\t\t\t\t\t<div class=\"elementor-element elementor-element-118bd0d elementor-widget elementor-widget-heading\" data-id=\"118bd0d\" data-element_type=\"widget\" data-e-type=\"widget\" data-widget_type=\"heading.default\">\n\t\t\t\t<div class=\"elementor-widget-container\">\n\t\t\t\t\t<h2 class=\"elementor-heading-title elementor-size-default\">3. M\u0259zmun v\u0259 \u0130deyalar<\/h2>\t\t\t\t<\/div>\n\t\t\t\t<\/div>\n\t\t\t\t<div class=\"elementor-element elementor-element-08e2005 elementor-widget elementor-widget-text-editor\" data-id=\"08e2005\" data-element_type=\"widget\" data-e-type=\"widget\" data-widget_type=\"text-editor.default\">\n\t\t\t\t<div class=\"elementor-widget-container\">\n\t\t\t\t\t\t\t\t\t<p>Lorem ipsum dolor sit amet, consectetur adipiscing elit. Risus nascetur morbi nisl, mi, in the time is porttitor non. Augue nunc amet fringilla sit. Fringilla eget arcu sodales sed a, parturient fermentum amet scelerisque. Amet purus urna, dictumst aliquet aliquam natoque non, morbi pretium. Integer amet fermentum nibh viverra mollis consectetur arcu, ultrices dolor. Gravida purus arcu viverra eget. Aliquet tincidunt dignissim aliquam tempor nec id. Habitant suscipit sit semper duis odio amet, at.<\/p>\n\t\t\t\t\t\t\t\t<\/div>\n\t\t\t\t<\/div>\n\t\t\t\t<div class=\"elementor-element elementor-element-58f9863 elementor-widget elementor-widget-text-editor\" data-id=\"58f9863\" data-element_type=\"widget\" data-e-type=\"widget\" data-widget_type=\"text-editor.default\">\n\t\t\t\t<div class=\"elementor-widget-container\">\n\t\t\t\t\t\t\t\t\t<p>Massa ultricies v\u0259 arcu velit eget gravida purus ultrices eget. Orci, fames eu facilisi justo. Lacus netus a sed justo v\u0259 ya leo leo pellentesque. Ya\u015fay\u0131\u015f zaman\u0131 he\u00e7 bir faydas\u0131 yoxdur. Vitae neque orci dui eu ac tincidunt. Egestas placerat egestas netus nec velit gravida consectetur laoreet vitae. Velit sed enim habitant habitant non diam. S\u0259m\u0259r\u0259li bir tempor v\u0259 leo tempor. Ultricies amet, habitasse adipiscing bibendum consequat amet, sed. Id convallis suspendisse vitae, lacinia mattis cursus montes, dui. Tortor lobortis dignissim eget egestas. Eget enim auctor unc eget mattis sollicitudin senectus diam. Tincidunt morbi egestas dignissim eget id aliquam. <\/p>\n\t\t\t\t\t\t\t\t<\/div>\n\t\t\t\t<\/div>\n\t\t\t\t\t<\/div>\n\t\t<\/div>\n\t\t\t\t\t<\/div>\n\t\t<\/section>\n\t\t\t\t<\/div>\n\t\t","protected":false},"excerpt":{"rendered":"<p>\u015e\u0259rtl\u0259r v\u0259 Qaydalar Ziyar\u0259t\u00e7iniz\u0259 m\u00f6hk\u0259m UX dizayn\u0131 il\u0259 hamar onlayn t\u0259cr\u00fcb\u0259 b\u0259x\u015f edin 1. Giri\u015f Lorem ipsum dolor sit amet, consectetur adipiscing elit. Risus nascetur morbi nisl, mi, in the time is porttitor non. Augue nunc amet fringilla sit. Fringilla eget arcu sodales sed a, parturient fermentum amet scelerisque. Amet purus urna, dictumst aliquet aliquam [&hellip;]<\/p>\n","protected":false},"author":1,"featured_media":0,"parent":0,"menu_order":0,"comment_status":"closed","ping_status":"closed","template":"","meta":{"inline_featured_image":false,"footnotes":""},"class_list":["post-31913","page","type-page","status-publish","hentry"],"_links":{"self":[{"href":"https:\/\/laburea.com\/az\/wp-json\/wp\/v2\/pages\/31913","targetHints":{"allow":["GET"]}}],"collection":[{"href":"https:\/\/laburea.com\/az\/wp-json\/wp\/v2\/pages"}],"about":[{"href":"https:\/\/laburea.com\/az\/wp-json\/wp\/v2\/types\/page"}],"author":[{"embeddable":true,"href":"https:\/\/laburea.com\/az\/wp-json\/wp\/v2\/users\/1"}],"replies":[{"embeddable":true,"href":"https:\/\/laburea.com\/az\/wp-json\/wp\/v2\/comments?post=31913"}],"version-history":[{"count":0,"href":"https:\/\/laburea.com\/az\/wp-json\/wp\/v2\/pages\/31913\/revisions"}],"wp:attachment":[{"href":"https:\/\/laburea.com\/az\/wp-json\/wp\/v2\/media?parent=31913"}],"curies":[{"name":"wp","href":"https:\/\/api.w.org\/{rel}","templated":true}]}}