{"id":31940,"date":"2022-09-20T09:42:53","date_gmt":"2022-09-20T07:42:53","guid":{"rendered":"https:\/\/laburea.com\/daxil-ol\/"},"modified":"2023-05-08T20:55:04","modified_gmt":"2023-05-08T18:55:04","slug":"daxil-ol","status":"publish","type":"page","link":"https:\/\/laburea.com\/az\/daxil-ol\/","title":{"rendered":"Daxil ol"},"content":{"rendered":"\t\t<div data-elementor-type=\"wp-page\" data-elementor-id=\"31940\" class=\"elementor elementor-31940 elementor-1876\" data-elementor-post-type=\"page\">\n\t\t\t\t\t\t<section class=\"elementor-section elementor-top-section elementor-element elementor-element-6b75c71 elementor-section-stretched elementor-section-boxed elementor-section-height-default elementor-section-height-default\" data-id=\"6b75c71\" data-element_type=\"section\" data-e-type=\"section\" data-settings=\"{&quot;stretch_section&quot;:&quot;section-stretched&quot;,&quot;background_background&quot;:&quot;classic&quot;}\">\n\t\t\t\t\t\t<div class=\"elementor-container elementor-column-gap-extended\">\n\t\t\t\t\t<div class=\"elementor-column elementor-col-100 elementor-top-column elementor-element elementor-element-dc87c4c\" data-id=\"dc87c4c\" data-element_type=\"column\" data-e-type=\"column\">\n\t\t\t<div class=\"elementor-widget-wrap elementor-element-populated\">\n\t\t\t\t\t\t<div class=\"elementor-element elementor-element-1dbf705 elementor-widget elementor-widget-heading\" data-id=\"1dbf705\" data-element_type=\"widget\" data-e-type=\"widget\" data-widget_type=\"heading.default\">\n\t\t\t\t<div class=\"elementor-widget-container\">\n\t\t\t\t\t<h2 class=\"elementor-heading-title elementor-size-default\">Daxil ol<\/h2>\t\t\t\t<\/div>\n\t\t\t\t<\/div>\n\t\t\t\t<div class=\"elementor-element elementor-element-1633370 elementor-widget elementor-widget-text-editor\" data-id=\"1633370\" data-element_type=\"widget\" data-e-type=\"widget\" data-widget_type=\"text-editor.default\">\n\t\t\t\t<div class=\"elementor-widget-container\">\n\t\t\t\t\t\t\t\t\t<p>Ziyar\u0259t\u00e7iniz\u0259 m\u00f6hk\u0259m UX dizayn\u0131 il\u0259 hamar onlayn t\u0259cr\u00fcb\u0259 b\u0259x\u015f edin<\/p>\n\t\t\t\t\t\t\t\t<\/div>\n\t\t\t\t<\/div>\n\t\t\t\t<div class=\"elementor-element elementor-element-f636f7b elementor-widget elementor-widget-shortcode\" data-id=\"f636f7b\" data-element_type=\"widget\" data-e-type=\"widget\" data-widget_type=\"shortcode.default\">\n\t\t\t\t<div class=\"elementor-widget-container\">\n\t\t\t\t\t\t\t<div class=\"elementor-shortcode\"><div class=\"box-account\">\n\t<div class=\"login-form-wrapper\">\n\t\t<div id=\"login-form-wrapper2196\" class=\"form-container\">\t\t\t\n\t\t\t\t\t\t\n\t\t\t<form class=\"login-form\" action=\"https:\/\/laburea.com\/az\/\" method=\"post\">\n\t\t\t\t\t\t\t\t<div class=\"form-group\">\n\t\t\t\t\t<label>Email<\/label>\n\t\t\t\t\t<input autocomplete=\"off\" type=\"text\" name=\"username\" class=\"form-control\" id=\"username_or_email\" placeholder=\"Email\">\n\t\t\t\t<\/div>\n\t\t\t\t<div class=\"form-group\">\n\t\t\t\t\t<label>parol<\/label>\n\t\t\t\t\t<span class=\"show_hide_password\">\n\t\t\t\t\t\t<input name=\"password\" type=\"password\" class=\"password required form-control\" id=\"login_password\" placeholder=\"parol\">\n\t\t\t\t\t\t<a class=\"toggle-password\" title=\"Show\"><span class=\"dashicons dashicons-hidden\"><\/span><\/a>\n\t\t\t\t\t<\/span>\n\t\t\t\t<\/div>\n\n\t\t\t\t<div class=\"row form-group info\">\n\t\t\t\t\t<div class=\"col-6\">\n\t\t\t\t\t\t<label for=\"user-remember-field2196\" class=\"remember\">\n\t\t\t\t\t\t\t<input type=\"checkbox\" name=\"remember\" id=\"user-remember-field2196\" value=\"true\"> M\u0259ni hesaba daxil edin\t\t\t\t\t\t<\/label>\n\t\t\t\t\t<\/div>\n\t\t\t\t\t<div class=\"col-6 link-right\">\n\t\t\t\t\t\t<a class=\"back-link\" href=\"#forgot-password-form-wrapper2196\" title=\"Unutulmu\u015f parol\">\u015eifr\u0259ni unutmusunuz?<\/a>\n\t\t\t\t\t<\/div>\n\t\t\t\t<\/div>\n\t\t\t\t\n\t\t\t\t<div class=\"form-group info\">\n\t\t\t\t\t<div id=\"recaptcha-login-form\" class=\"ga-recaptcha\" data-sitekey=\"\"><\/div>\n\t\t\t\t<\/div>\n\t\t\t\t\n\t\t\t\t<div class=\"form-group\">\n\t\t\t\t\t<button type=\"submit\" class=\"btn btn-theme w-100\" name=\"submit\">Login<i class=\"flaticon-right-up next\"><\/i><\/button>\n\t\t\t\t<\/div>\n\t\t\t\t\n\t\t<p class=\"galogin\" style=\"cursor: pointer;background: none;box-shadow: none;\">\n\t\t\t<a href=\"https:\/\/accounts.google.com\/o\/oauth2\/auth?response_type=code&amp;redirect_uri=https%3A%2F%2Flaburea.com%2Faz%2Fweb7%2F&amp;client_id=519765348781-2i0ccv7vjugf59mhullku7vste25qq14.apps.googleusercontent.com&amp;scope=openid+email+https%3A%2F%2Fwww.googleapis.com%2Fauth%2Fuserinfo.profile&amp;access_type=online&amp;prompt=select_account&amp;state=8a8d890c6b%257C\">\n\t\t\t\t\t<span class=\"google-apps-header dark-focus\">\n                        <span class=\"inner\">\n                            <span class=\"icon dark-focus\"><\/span>\n                            <span style=\"margin-left:10px\">Sign in with Google<\/span>\n                        <\/span>\n                    <\/span><\/a>\t\t<\/p>\n\n\t\t\t\t\t<p class='galogin-powered'>\n\t\t\t\tPowered by <a href=\"https:\/\/wp-glogin.com\/?utm_source=Login%20Form&utm_medium=freemium&utm_campaign=LoginForm\" target=\"_blank\">wp-glogin.com<\/a>\t\t\t<\/p>\n\t\t\n\t\t<script>\n\t\t\tjQuery( document ).ready( function() {\n\t\t\t\tlet loginform = jQuery( '#loginform,#front-login-form' );\n\t\t\t\tlet googlelink = jQuery( 'p.galogin' );\n\t\t\t\tlet poweredby = jQuery( 'p.galogin-powered' );\n\n\t\t\t\t\t\t\t\t\tloginform.prepend( \"<h3 class='galogin-or'>or<\/h3>\" );\n\t\t\t\t\n\t\t\t\tif ( poweredby ) {\n\t\t\t\t\tloginform.prepend( poweredby );\n\t\t\t\t}\n\n\t\t\t\tloginform.prepend( googlelink );\n\t\t\t} );\n\t\t<\/script>\n\t\t<input type=\"hidden\" id=\"wpa_initiator\" class=\"wpa_initiator\" name=\"wpa_initiator\" value=\"\" \/>    <p class=\"slc-code-paragraph\">\r\n        <span class=\"slc-label-span\">Security Code:<\/span>\r\n            <span class=\"slc-code-span\">\r\n        <script type=\"text\/javascript\">\r\n            var answerPool = \"208291556\";\r\n            for ( var i = 0; i < answerPool.length; i++ ) {\r\n                if ( i >= 2 && i < 5 ) {\r\n                    document.write( answerPool.charAt( i ) );\r\n                }\r\n            }\r\n        <\/script>\r\n        <noscript>Your browser does not support JavaScript!<\/noscript>\r\n    <\/span>\r\n    <input name=\"slc-captcha-request\" type=\"hidden\" value=\"53201a0a5dc89fe5d6e3742ea7b4497d\" \/>\r\n        <\/p>\r\n    <p>\r\n        <label for=\"slc-captcha-answer\">Enter the security code:<\/label>\r\n        <input id=\"slc-captcha-answer\" autocomplete=\"off\" name=\"slc-captcha-answer\" size=\"20\" type=\"text\" \/>\r\n    <\/p>\r\n    <input type=\"hidden\" id=\"security_login\" name=\"security_login\" value=\"968ce39564\" \/><input type=\"hidden\" name=\"_wp_http_referer\" value=\"\/az\/wp-json\/wp\/v2\/pages\/31940\" \/>\t\t\t\t\t\t\t<\/form>\n\t\t<\/div>\n\t\t<!-- reset form -->\n\t\t<div id=\"forgot-password-form-wrapper2196\" class=\"form-container forgotpassword-form-wrapper\">\n\t\t\t<div class=\"top-info-user\">\n\t\t\t\t<h3 class=\"title\">Parolu s\u0131f\u0131rlamak<\/h3>\n\t\t\t\t<div class=\"des-forgot\">\u0130stifad\u0259\u00e7i ad\u0131n\u0131 v\u0259 ya e-po\u00e7t \u00fcnvan\u0131n\u0131 daxil edin<\/div>\n\t\t\t<\/div>\n\t\t\t<form name=\"forgotpasswordform\" class=\"forgotpassword-form\" action=\"https:\/\/laburea.com\/az\/web7\/?action=lostpassword\" method=\"post\">\n\t\t\t\t<div class=\"lostpassword-fields\">\n\t\t\t\t\t<div class=\"form-group\">\n\t\t\t\t\t\t<input type=\"text\" name=\"user_login\" class=\"user_login form-control\" id=\"lostpassword_username\" placeholder=\"\u0130stifad\u0259\u00e7i ad\u0131 v\u0259 ya E-po\u00e7t\">\n\t\t\t\t\t<\/div>\n\t\t\t\t\t<input type=\"hidden\" id=\"wpa_initiator\" class=\"wpa_initiator\" name=\"wpa_initiator\" value=\"\" \/><input type=\"hidden\" id=\"security_lostpassword\" name=\"security_lostpassword\" value=\"33f571e588\" \/><input type=\"hidden\" name=\"_wp_http_referer\" value=\"\/az\/wp-json\/wp\/v2\/pages\/31940\" \/>\n\t\t            <div id=\"recaptcha-forgotpasswordform\" class=\"ga-recaptcha\" data-sitekey=\"\"><\/div>\n\t\t\t      \t\n\t\t\t\t\t<div class=\"form-group\">\n\t\t\t\t\t\t<div class=\"row\">\n\t\t\t\t\t\t\t<div class=\"col-6\">\n\t\t\t\t\t\t\t\t<button type=\"submit\" class=\"btn btn-theme w-100\" name=\"wp-submit\">Yeni Parol \u0259ld\u0259 edin<i class=\"flaticon-right-up next\"><\/i><\/button>\n\t\t\t\t\t\t\t<\/div>\n\t\t\t\t\t\t<\/div>\n\t\t\t\t\t<\/div>\n\t\t\t\t<\/div>\n\t\t\t\t<div class=\"lostpassword-link\"><a href=\"#login-form-wrapper2196\" class=\"back-link\">Giri\u015f\u0259 Qay\u0131d\u0131n<\/a><\/div>\n\t\t\t<\/form>\n\t\t<\/div>\n\t<\/div>\n<\/div><\/div>\n\t\t\t\t\t\t<\/div>\n\t\t\t\t<\/div>\n\t\t\t\t\t<\/div>\n\t\t<\/div>\n\t\t\t\t\t<\/div>\n\t\t<\/section>\n\t\t\t\t<\/div>\n\t\t","protected":false},"excerpt":{"rendered":"<p>Daxil ol Ziyar\u0259t\u00e7iniz\u0259 m\u00f6hk\u0259m UX dizayn\u0131 il\u0259 hamar onlayn t\u0259cr\u00fcb\u0259 b\u0259x\u015f edin<\/p>\n","protected":false},"author":1,"featured_media":0,"parent":0,"menu_order":0,"comment_status":"closed","ping_status":"closed","template":"","meta":{"inline_featured_image":false,"footnotes":""},"class_list":["post-31940","page","type-page","status-publish","hentry"],"_links":{"self":[{"href":"https:\/\/laburea.com\/az\/wp-json\/wp\/v2\/pages\/31940","targetHints":{"allow":["GET"]}}],"collection":[{"href":"https:\/\/laburea.com\/az\/wp-json\/wp\/v2\/pages"}],"about":[{"href":"https:\/\/laburea.com\/az\/wp-json\/wp\/v2\/types\/page"}],"author":[{"embeddable":true,"href":"https:\/\/laburea.com\/az\/wp-json\/wp\/v2\/users\/1"}],"replies":[{"embeddable":true,"href":"https:\/\/laburea.com\/az\/wp-json\/wp\/v2\/comments?post=31940"}],"version-history":[{"count":0,"href":"https:\/\/laburea.com\/az\/wp-json\/wp\/v2\/pages\/31940\/revisions"}],"wp:attachment":[{"href":"https:\/\/laburea.com\/az\/wp-json\/wp\/v2\/media?parent=31940"}],"curies":[{"name":"wp","href":"https:\/\/api.w.org\/{rel}","templated":true}]}}