{"id":31966,"date":"2022-09-09T04:26:04","date_gmt":"2022-09-09T02:26:04","guid":{"rendered":"https:\/\/laburea.com\/kom%c9%99k-edin\/"},"modified":"2023-06-14T08:06:35","modified_gmt":"2023-06-14T06:06:35","slug":"kom%c9%99k-edin","status":"publish","type":"page","link":"https:\/\/laburea.com\/az\/kom%c9%99k-edin\/","title":{"rendered":"K\u00f6m\u0259k edin"},"content":{"rendered":"\t\t<div data-elementor-type=\"wp-page\" data-elementor-id=\"31966\" class=\"elementor elementor-31966 elementor-57\" data-elementor-post-type=\"page\">\n\t\t\t\t\t\t<section class=\"elementor-section elementor-top-section elementor-element elementor-element-a2843c7 elementor-section-stretched elementor-section-boxed elementor-section-height-default elementor-section-height-default\" data-id=\"a2843c7\" data-element_type=\"section\" data-e-type=\"section\" data-settings=\"{&quot;stretch_section&quot;:&quot;section-stretched&quot;}\">\n\t\t\t\t\t\t<div class=\"elementor-container elementor-column-gap-extended\">\n\t\t\t\t\t<div class=\"elementor-column elementor-col-100 elementor-top-column elementor-element elementor-element-40ea584 elementor-invisible\" data-id=\"40ea584\" data-element_type=\"column\" data-e-type=\"column\" data-settings=\"{&quot;animation&quot;:&quot;slide-up&quot;}\">\n\t\t\t<div class=\"elementor-widget-wrap elementor-element-populated\">\n\t\t\t\t\t\t<div class=\"elementor-element elementor-element-c60ad25 elementor-widget elementor-widget-heading\" data-id=\"c60ad25\" data-element_type=\"widget\" data-e-type=\"widget\" data-widget_type=\"heading.default\">\n\t\t\t\t<div class=\"elementor-widget-container\">\n\t\t\t\t\t<h2 class=\"elementor-heading-title elementor-size-default\">Biz siz\u0259 nec\u0259 k\u00f6m\u0259k ed\u0259 bil\u0259rik?<\/h2>\t\t\t\t<\/div>\n\t\t\t\t<\/div>\n\t\t\t\t\t<\/div>\n\t\t<\/div>\n\t\t\t\t\t<\/div>\n\t\t<\/section>\n\t\t\t\t<section class=\"elementor-section elementor-top-section elementor-element elementor-element-92a7809 elementor-section-stretched elementor-section-boxed elementor-section-height-default elementor-section-height-default elementor-invisible\" data-id=\"92a7809\" data-element_type=\"section\" data-e-type=\"section\" data-settings=\"{&quot;stretch_section&quot;:&quot;section-stretched&quot;,&quot;animation&quot;:&quot;slide-up&quot;,&quot;animation_delay&quot;:300}\">\n\t\t\t\t\t\t<div class=\"elementor-container elementor-column-gap-extended\">\n\t\t\t\t\t<div class=\"elementor-column elementor-col-25 elementor-top-column elementor-element elementor-element-2af8dfe\" data-id=\"2af8dfe\" data-element_type=\"column\" data-e-type=\"column\">\n\t\t\t<div class=\"elementor-widget-wrap elementor-element-populated\">\n\t\t\t\t\t\t<div class=\"elementor-element elementor-element-a100f67 elementor-widget elementor-widget-apus_element_features_box\" data-id=\"a100f67\" data-element_type=\"widget\" data-e-type=\"widget\" data-widget_type=\"apus_element_features_box.default\">\n\t\t\t\t<div class=\"elementor-widget-container\">\n\t\t\t\t\t            <div class=\"widget-features-box #\">\n                <div class=\"row\">\n                                            <div class=\"item col-12 col-md-12 col-lg-12\">\n                            <div class=\"item-features-inner style1\">\n                                 <div class=\"top-inner position-relative\">\n                                                                        <div class=\"features-box-image icon\"><i class=\"flaticon-rocket-2\"><\/i><\/div><span class=\"sub-circle\"><\/span><\/div><div class=\"features-box-content\"><h3 class=\"title\">Getting Started<\/h3><div class=\"description\">Lorem ipsum is placeholder text commonly used in site.<\/div><\/div>\n                            <\/div>\n                        <\/div>\n                                    <\/div>\n            <\/div>\n            \t\t\t\t<\/div>\n\t\t\t\t<\/div>\n\t\t\t\t\t<\/div>\n\t\t<\/div>\n\t\t\t\t<div class=\"elementor-column elementor-col-25 elementor-top-column elementor-element elementor-element-44f2db2\" data-id=\"44f2db2\" data-element_type=\"column\" data-e-type=\"column\">\n\t\t\t<div class=\"elementor-widget-wrap elementor-element-populated\">\n\t\t\t\t\t\t<div class=\"elementor-element elementor-element-a98bfd2 elementor-widget elementor-widget-apus_element_features_box\" data-id=\"a98bfd2\" data-element_type=\"widget\" data-e-type=\"widget\" data-widget_type=\"apus_element_features_box.default\">\n\t\t\t\t<div class=\"elementor-widget-container\">\n\t\t\t\t\t            <div class=\"widget-features-box #\">\n                <div class=\"row\">\n                                            <div class=\"item col-12 col-md-12 col-lg-12\">\n                            <div class=\"item-features-inner style1\">\n                                 <div class=\"top-inner position-relative\">\n                                                                        <div class=\"features-box-image icon\"><i class=\"flaticon-photo\"><\/i><\/div><span class=\"sub-circle\"><\/span><\/div><div class=\"features-box-content\"><h3 class=\"title\">Account \/ Profile<\/h3><div class=\"description\">Lorem ipsum is placeholder text commonly used in site.<\/div><\/div>\n                            <\/div>\n                        <\/div>\n                                    <\/div>\n            <\/div>\n            \t\t\t\t<\/div>\n\t\t\t\t<\/div>\n\t\t\t\t\t<\/div>\n\t\t<\/div>\n\t\t\t\t<div class=\"elementor-column elementor-col-25 elementor-top-column elementor-element elementor-element-52a0e03\" data-id=\"52a0e03\" data-element_type=\"column\" data-e-type=\"column\">\n\t\t\t<div class=\"elementor-widget-wrap elementor-element-populated\">\n\t\t\t\t\t\t<div class=\"elementor-element elementor-element-ecf0b27 elementor-widget elementor-widget-apus_element_features_box\" data-id=\"ecf0b27\" data-element_type=\"widget\" data-e-type=\"widget\" data-widget_type=\"apus_element_features_box.default\">\n\t\t\t\t<div class=\"elementor-widget-container\">\n\t\t\t\t\t            <div class=\"widget-features-box #\">\n                <div class=\"row\">\n                                            <div class=\"item col-12 col-md-12 col-lg-12\">\n                            <div class=\"item-features-inner style1\">\n                                 <div class=\"top-inner position-relative\">\n                                                                        <div class=\"features-box-image icon\"><i class=\"flaticon-search-1\"><\/i><\/div><span class=\"sub-circle\"><\/span><\/div><div class=\"features-box-content\"><h3 class=\"title\">Find a Project<\/h3><div class=\"description\">Lorem ipsum is placeholder text commonly used in site.<\/div><\/div>\n                            <\/div>\n                        <\/div>\n                                    <\/div>\n            <\/div>\n            \t\t\t\t<\/div>\n\t\t\t\t<\/div>\n\t\t\t\t\t<\/div>\n\t\t<\/div>\n\t\t\t\t<div class=\"elementor-column elementor-col-25 elementor-top-column elementor-element elementor-element-78dd506\" data-id=\"78dd506\" data-element_type=\"column\" data-e-type=\"column\">\n\t\t\t<div class=\"elementor-widget-wrap elementor-element-populated\">\n\t\t\t\t\t\t<div class=\"elementor-element elementor-element-57f1c35 elementor-widget elementor-widget-apus_element_features_box\" data-id=\"57f1c35\" data-element_type=\"widget\" data-e-type=\"widget\" data-widget_type=\"apus_element_features_box.default\">\n\t\t\t\t<div class=\"elementor-widget-container\">\n\t\t\t\t\t            <div class=\"widget-features-box #\">\n                <div class=\"row\">\n                                            <div class=\"item col-12 col-md-12 col-lg-12\">\n                            <div class=\"item-features-inner style1\">\n                                 <div class=\"top-inner position-relative\">\n                                                                        <div class=\"features-box-image icon\"><i class=\"flaticon-wallet\"><\/i><\/div><span class=\"sub-circle\"><\/span><\/div><div class=\"features-box-content\"><h3 class=\"title\">Payment Issues<\/h3><div class=\"description\">Lorem ipsum is placeholder text commonly used in site.<\/div><\/div>\n                            <\/div>\n                        <\/div>\n                                    <\/div>\n            <\/div>\n            \t\t\t\t<\/div>\n\t\t\t\t<\/div>\n\t\t\t\t\t<\/div>\n\t\t<\/div>\n\t\t\t\t\t<\/div>\n\t\t<\/section>\n\t\t\t\t<section class=\"elementor-section elementor-top-section elementor-element elementor-element-31d40b1 elementor-section-stretched elementor-section-boxed elementor-section-height-default elementor-section-height-default elementor-invisible\" data-id=\"31d40b1\" data-element_type=\"section\" data-e-type=\"section\" data-settings=\"{&quot;stretch_section&quot;:&quot;section-stretched&quot;,&quot;animation&quot;:&quot;slide-up&quot;,&quot;animation_delay&quot;:500}\">\n\t\t\t\t\t\t<div class=\"elementor-container elementor-column-gap-extended\">\n\t\t\t\t\t<div class=\"elementor-column elementor-col-25 elementor-top-column elementor-element elementor-element-509ca84\" data-id=\"509ca84\" data-element_type=\"column\" data-e-type=\"column\">\n\t\t\t<div class=\"elementor-widget-wrap elementor-element-populated\">\n\t\t\t\t\t\t<div class=\"elementor-element elementor-element-b05cf1e elementor-widget elementor-widget-apus_element_features_box\" data-id=\"b05cf1e\" data-element_type=\"widget\" data-e-type=\"widget\" data-widget_type=\"apus_element_features_box.default\">\n\t\t\t\t<div class=\"elementor-widget-container\">\n\t\t\t\t\t            <div class=\"widget-features-box #\">\n                <div class=\"row\">\n                                            <div class=\"item col-12 col-md-12 col-lg-12\">\n                            <div class=\"item-features-inner style1\">\n                                 <div class=\"top-inner position-relative\">\n                                                                        <div class=\"features-box-image icon\"><i class=\"flaticon-antivirus\"><\/i><\/div><span class=\"sub-circle\"><\/span><\/div><div class=\"features-box-content\"><h3 class=\"title\">Trust & Safety<\/h3><div class=\"description\">Lorem ipsum is placeholder text commonly used in site.<\/div><\/div>\n                            <\/div>\n                        <\/div>\n                                    <\/div>\n            <\/div>\n            \t\t\t\t<\/div>\n\t\t\t\t<\/div>\n\t\t\t\t\t<\/div>\n\t\t<\/div>\n\t\t\t\t<div class=\"elementor-column elementor-col-25 elementor-top-column elementor-element elementor-element-3b67edc\" data-id=\"3b67edc\" data-element_type=\"column\" data-e-type=\"column\">\n\t\t\t<div class=\"elementor-widget-wrap elementor-element-populated\">\n\t\t\t\t\t\t<div class=\"elementor-element elementor-element-1d2033a elementor-widget elementor-widget-apus_element_features_box\" data-id=\"1d2033a\" data-element_type=\"widget\" data-e-type=\"widget\" data-widget_type=\"apus_element_features_box.default\">\n\t\t\t\t<div class=\"elementor-widget-container\">\n\t\t\t\t\t            <div class=\"widget-features-box #\">\n                <div class=\"row\">\n                                            <div class=\"item col-12 col-md-12 col-lg-12\">\n                            <div class=\"item-features-inner style1\">\n                                 <div class=\"top-inner position-relative\">\n                                                                        <div class=\"features-box-image icon\"><i class=\"flaticon-web-development\"><\/i><\/div><span class=\"sub-circle\"><\/span><\/div><div class=\"features-box-content\"><h3 class=\"title\">API<\/h3><div class=\"description\">Lorem ipsum is placeholder text commonly used in site.<\/div><\/div>\n                            <\/div>\n                        <\/div>\n                                    <\/div>\n            <\/div>\n            \t\t\t\t<\/div>\n\t\t\t\t<\/div>\n\t\t\t\t\t<\/div>\n\t\t<\/div>\n\t\t\t\t<div class=\"elementor-column elementor-col-25 elementor-top-column elementor-element elementor-element-bca9db0\" data-id=\"bca9db0\" data-element_type=\"column\" data-e-type=\"column\">\n\t\t\t<div class=\"elementor-widget-wrap elementor-element-populated\">\n\t\t\t\t\t\t<div class=\"elementor-element elementor-element-4f860df elementor-widget elementor-widget-apus_element_features_box\" data-id=\"4f860df\" data-element_type=\"widget\" data-e-type=\"widget\" data-widget_type=\"apus_element_features_box.default\">\n\t\t\t\t<div class=\"elementor-widget-container\">\n\t\t\t\t\t            <div class=\"widget-features-box #\">\n                <div class=\"row\">\n                                            <div class=\"item col-12 col-md-12 col-lg-12\">\n                            <div class=\"item-features-inner style1\">\n                                 <div class=\"top-inner position-relative\">\n                                                                        <div class=\"features-box-image icon\"><i class=\"flaticon-mobile\"><\/i><\/div><span class=\"sub-circle\"><\/span><\/div><div class=\"features-box-content\"><h3 class=\"title\">Apps<\/h3><div class=\"description\">Lorem ipsum is placeholder text commonly used in site.<\/div><\/div>\n                            <\/div>\n                        <\/div>\n                                    <\/div>\n            <\/div>\n            \t\t\t\t<\/div>\n\t\t\t\t<\/div>\n\t\t\t\t\t<\/div>\n\t\t<\/div>\n\t\t\t\t<div class=\"elementor-column elementor-col-25 elementor-top-column elementor-element elementor-element-0d89666\" data-id=\"0d89666\" data-element_type=\"column\" data-e-type=\"column\">\n\t\t\t<div class=\"elementor-widget-wrap elementor-element-populated\">\n\t\t\t\t\t\t<div class=\"elementor-element elementor-element-bb54d5f elementor-widget elementor-widget-apus_element_features_box\" data-id=\"bb54d5f\" data-element_type=\"widget\" data-e-type=\"widget\" data-widget_type=\"apus_element_features_box.default\">\n\t\t\t\t<div class=\"elementor-widget-container\">\n\t\t\t\t\t            <div class=\"widget-features-box #\">\n                <div class=\"row\">\n                                            <div class=\"item col-12 col-md-12 col-lg-12\">\n                            <div class=\"item-features-inner style1\">\n                                 <div class=\"top-inner position-relative\">\n                                                                        <div class=\"features-box-image icon\"><i class=\"flaticon-question\"><\/i><\/div><span class=\"sub-circle\"><\/span><\/div><div class=\"features-box-content\"><h3 class=\"title\">What's New<\/h3><div class=\"description\">Lorem ipsum is placeholder text commonly used in site.<\/div><\/div>\n                            <\/div>\n                        <\/div>\n                                    <\/div>\n            <\/div>\n            \t\t\t\t<\/div>\n\t\t\t\t<\/div>\n\t\t\t\t\t<\/div>\n\t\t<\/div>\n\t\t\t\t\t<\/div>\n\t\t<\/section>\n\t\t\t\t<section class=\"elementor-section elementor-top-section elementor-element elementor-element-11dde49 elementor-section-stretched elementor-section-boxed elementor-section-height-default elementor-section-height-default\" data-id=\"11dde49\" data-element_type=\"section\" data-e-type=\"section\" data-settings=\"{&quot;stretch_section&quot;:&quot;section-stretched&quot;}\">\n\t\t\t\t\t\t<div class=\"elementor-container elementor-column-gap-extended\">\n\t\t\t\t\t<div class=\"elementor-column elementor-col-100 elementor-top-column elementor-element elementor-element-4ac24de elementor-invisible\" data-id=\"4ac24de\" data-element_type=\"column\" data-e-type=\"column\" data-settings=\"{&quot;animation&quot;:&quot;slide-up&quot;}\">\n\t\t\t<div class=\"elementor-widget-wrap elementor-element-populated\">\n\t\t\t\t\t\t<div class=\"elementor-element elementor-element-5f4c4b3 elementor-widget elementor-widget-heading\" data-id=\"5f4c4b3\" data-element_type=\"widget\" data-e-type=\"widget\" data-widget_type=\"heading.default\">\n\t\t\t\t<div class=\"elementor-widget-container\">\n\t\t\t\t\t<h2 class=\"elementor-heading-title elementor-size-default\">Tez-tez soru\u015fulan suallar<\/h2>\t\t\t\t<\/div>\n\t\t\t\t<\/div>\n\t\t\t\t<div class=\"elementor-element elementor-element-62190c2 elementor-widget__width-initial st-green elementor-widget elementor-widget-accordion\" data-id=\"62190c2\" data-element_type=\"widget\" data-e-type=\"widget\" data-widget_type=\"accordion.default\">\n\t\t\t\t<div class=\"elementor-widget-container\">\n\t\t\t\t\t\t\t<div class=\"elementor-accordion\">\n\t\t\t\t\t\t\t<div class=\"elementor-accordion-item\">\n\t\t\t\t\t<div id=\"elementor-tab-title-1021\" class=\"elementor-tab-title\" data-tab=\"1\" role=\"button\" aria-controls=\"elementor-tab-content-1021\" aria-expanded=\"false\">\n\t\t\t\t\t\t\t\t\t\t\t\t\t<span class=\"elementor-accordion-icon elementor-accordion-icon-right\" aria-hidden=\"true\">\n\t\t\t\t\t\t\t\t\t\t\t\t\t\t\t<span class=\"elementor-accordion-icon-closed\"><i class=\"fas fa-plus\"><\/i><\/span>\n\t\t\t\t\t\t\t\t<span class=\"elementor-accordion-icon-opened\"><i class=\"fas fa-minus\"><\/i><\/span>\n\t\t\t\t\t\t\t\t\t\t\t\t\t\t<\/span>\n\t\t\t\t\t\t\t\t\t\t\t\t<a class=\"elementor-accordion-title\" tabindex=\"0\">Hans\u0131 \u00f6d\u0259ni\u015f \u00fcsullar\u0131 d\u0259st\u0259kl\u0259nir?<\/a>\n\t\t\t\t\t<\/div>\n\t\t\t\t\t<div id=\"elementor-tab-content-1021\" class=\"elementor-tab-content elementor-clearfix\" data-tab=\"1\" role=\"region\" aria-labelledby=\"elementor-tab-title-1021\"><p>Cras vitae ac nunc orci. Purus amet tortor not at phasellus ulttricies hendrerit. Eget a, sit morbi nunc sit id massa. Yax\u015f\u0131, scelerisque volutpat nec sit vel donec. Sagittis, id volutpat erat vel. <\/p>\n<\/div>\n\t\t\t\t<\/div>\n\t\t\t\t\t\t\t<div class=\"elementor-accordion-item\">\n\t\t\t\t\t<div id=\"elementor-tab-title-1022\" class=\"elementor-tab-title\" data-tab=\"2\" role=\"button\" aria-controls=\"elementor-tab-content-1022\" aria-expanded=\"false\">\n\t\t\t\t\t\t\t\t\t\t\t\t\t<span class=\"elementor-accordion-icon elementor-accordion-icon-right\" aria-hidden=\"true\">\n\t\t\t\t\t\t\t\t\t\t\t\t\t\t\t<span class=\"elementor-accordion-icon-closed\"><i class=\"fas fa-plus\"><\/i><\/span>\n\t\t\t\t\t\t\t\t<span class=\"elementor-accordion-icon-opened\"><i class=\"fas fa-minus\"><\/i><\/span>\n\t\t\t\t\t\t\t\t\t\t\t\t\t\t<\/span>\n\t\t\t\t\t\t\t\t\t\t\t\t<a class=\"elementor-accordion-title\" tabindex=\"0\">\u0130st\u0259nil\u0259n vaxt l\u0259\u011fv ed\u0259 bil\u0259r\u0259mmi?<\/a>\n\t\t\t\t\t<\/div>\n\t\t\t\t\t<div id=\"elementor-tab-content-1022\" class=\"elementor-tab-content elementor-clearfix\" data-tab=\"2\" role=\"region\" aria-labelledby=\"elementor-tab-title-1022\"><p>T\u0259l\u0259bl\u0259r\u0259 ehtiyac\u0131n\u0131z var, adipiscing elitin\u0259 diqq\u0259t yetirin, i\u015f v\u0259 h\u0259r hans\u0131 bir b\u00f6y\u00fck g\u00fcc\u0259 sahib ola bil\u0259rsiniz. Minimum hesab edir\u0259m ki, he\u00e7 bir n\u0259tic\u0259 \u0259ld\u0259 ed\u0259 bilm\u0259y\u0259c\u0259ksiniz. Duis aute irure dolor in reprehenderit in voluptate velit esse cillum dolore eu fugiat nulla pariatur.<\/p>\n<\/div>\n\t\t\t\t<\/div>\n\t\t\t\t\t\t\t<div class=\"elementor-accordion-item\">\n\t\t\t\t\t<div id=\"elementor-tab-title-1023\" class=\"elementor-tab-title\" data-tab=\"3\" role=\"button\" aria-controls=\"elementor-tab-content-1023\" aria-expanded=\"false\">\n\t\t\t\t\t\t\t\t\t\t\t\t\t<span class=\"elementor-accordion-icon elementor-accordion-icon-right\" aria-hidden=\"true\">\n\t\t\t\t\t\t\t\t\t\t\t\t\t\t\t<span class=\"elementor-accordion-icon-closed\"><i class=\"fas fa-plus\"><\/i><\/span>\n\t\t\t\t\t\t\t\t<span class=\"elementor-accordion-icon-opened\"><i class=\"fas fa-minus\"><\/i><\/span>\n\t\t\t\t\t\t\t\t\t\t\t\t\t\t<\/span>\n\t\t\t\t\t\t\t\t\t\t\t\t<a class=\"elementor-accordion-title\" tabindex=\"0\">Al\u0131\u015f-veri\u015fim \u00fc\u00e7\u00fcn q\u0259bzi nec\u0259 \u0259ld\u0259 ed\u0259 bil\u0259r\u0259m?<\/a>\n\t\t\t\t\t<\/div>\n\t\t\t\t\t<div id=\"elementor-tab-content-1023\" class=\"elementor-tab-content elementor-clearfix\" data-tab=\"3\" role=\"region\" aria-labelledby=\"elementor-tab-title-1023\"><p>Cras vitae ac nunc orci. Purus amet tortor not at phasellus ulttricies hendrerit. Eget a, sit morbi nunc sit id massa. Yax\u015f\u0131, scelerisque volutpat nec sit vel donec. Sagittis, id volutpat erat vel. <\/p>\n<\/div>\n\t\t\t\t<\/div>\n\t\t\t\t\t\t\t<div class=\"elementor-accordion-item\">\n\t\t\t\t\t<div id=\"elementor-tab-title-1024\" class=\"elementor-tab-title\" data-tab=\"4\" role=\"button\" aria-controls=\"elementor-tab-content-1024\" aria-expanded=\"false\">\n\t\t\t\t\t\t\t\t\t\t\t\t\t<span class=\"elementor-accordion-icon elementor-accordion-icon-right\" aria-hidden=\"true\">\n\t\t\t\t\t\t\t\t\t\t\t\t\t\t\t<span class=\"elementor-accordion-icon-closed\"><i class=\"fas fa-plus\"><\/i><\/span>\n\t\t\t\t\t\t\t\t<span class=\"elementor-accordion-icon-opened\"><i class=\"fas fa-minus\"><\/i><\/span>\n\t\t\t\t\t\t\t\t\t\t\t\t\t\t<\/span>\n\t\t\t\t\t\t\t\t\t\t\t\t<a class=\"elementor-accordion-title\" tabindex=\"0\">M\u0259n\u0259 hans\u0131 lisenziya laz\u0131md\u0131r?<\/a>\n\t\t\t\t\t<\/div>\n\t\t\t\t\t<div id=\"elementor-tab-content-1024\" class=\"elementor-tab-content elementor-clearfix\" data-tab=\"4\" role=\"region\" aria-labelledby=\"elementor-tab-title-1024\"><p>T\u0259l\u0259bl\u0259r\u0259 ehtiyac\u0131n\u0131z var, adipiscing elitin\u0259 diqq\u0259t yetirin, i\u015f v\u0259 h\u0259r hans\u0131 bir b\u00f6y\u00fck g\u00fcc\u0259 sahib ola bil\u0259rsiniz. Minimum hesab edir\u0259m ki, he\u00e7 bir n\u0259tic\u0259 \u0259ld\u0259 ed\u0259 bilm\u0259y\u0259c\u0259ksiniz.<\/p>\n<\/div>\n\t\t\t\t<\/div>\n\t\t\t\t\t\t\t<div class=\"elementor-accordion-item\">\n\t\t\t\t\t<div id=\"elementor-tab-title-1025\" class=\"elementor-tab-title\" data-tab=\"5\" role=\"button\" aria-controls=\"elementor-tab-content-1025\" aria-expanded=\"false\">\n\t\t\t\t\t\t\t\t\t\t\t\t\t<span class=\"elementor-accordion-icon elementor-accordion-icon-right\" aria-hidden=\"true\">\n\t\t\t\t\t\t\t\t\t\t\t\t\t\t\t<span class=\"elementor-accordion-icon-closed\"><i class=\"fas fa-plus\"><\/i><\/span>\n\t\t\t\t\t\t\t\t<span class=\"elementor-accordion-icon-opened\"><i class=\"fas fa-minus\"><\/i><\/span>\n\t\t\t\t\t\t\t\t\t\t\t\t\t\t<\/span>\n\t\t\t\t\t\t\t\t\t\t\t\t<a class=\"elementor-accordion-title\" tabindex=\"0\">Sat\u0131n ald\u0131\u011f\u0131m m\u00f6vzuya nec\u0259 giri\u015f \u0259ld\u0259 ed\u0259 bil\u0259r\u0259m?<\/a>\n\t\t\t\t\t<\/div>\n\t\t\t\t\t<div id=\"elementor-tab-content-1025\" class=\"elementor-tab-content elementor-clearfix\" data-tab=\"5\" role=\"region\" aria-labelledby=\"elementor-tab-title-1025\"><p>Cras vitae ac nunc orci. Purus amet tortor not at phasellus ulttricies hendrerit. Eget a, sit morbi nunc sit id massa. Yax\u015f\u0131, scelerisque volutpat nec sit vel donec. Sagittis, id volutpat erat vel. <\/p>\n<\/div>\n\t\t\t\t<\/div>\n\t\t\t\t\t\t\t\t<\/div>\n\t\t\t\t\t\t<\/div>\n\t\t\t\t<\/div>\n\t\t\t\t\t<\/div>\n\t\t<\/div>\n\t\t\t\t\t<\/div>\n\t\t<\/section>\n\t\t\t\t<\/div>\n\t\t","protected":false},"excerpt":{"rendered":"<p>Biz siz\u0259 nec\u0259 k\u00f6m\u0259k ed\u0259 bil\u0259rik? Getting Started Lorem ipsum is placeholder text commonly used in site. Account \/ Profile Lorem ipsum is placeholder text commonly used in site. Find a Project Lorem ipsum is placeholder text commonly used in site. Payment Issues Lorem ipsum is placeholder text commonly used in site. Trust &#038; Safety [&hellip;]<\/p>\n","protected":false},"author":1,"featured_media":0,"parent":0,"menu_order":0,"comment_status":"closed","ping_status":"closed","template":"","meta":{"inline_featured_image":false,"footnotes":""},"class_list":["post-31966","page","type-page","status-publish","hentry"],"_links":{"self":[{"href":"https:\/\/laburea.com\/az\/wp-json\/wp\/v2\/pages\/31966","targetHints":{"allow":["GET"]}}],"collection":[{"href":"https:\/\/laburea.com\/az\/wp-json\/wp\/v2\/pages"}],"about":[{"href":"https:\/\/laburea.com\/az\/wp-json\/wp\/v2\/types\/page"}],"author":[{"embeddable":true,"href":"https:\/\/laburea.com\/az\/wp-json\/wp\/v2\/users\/1"}],"replies":[{"embeddable":true,"href":"https:\/\/laburea.com\/az\/wp-json\/wp\/v2\/comments?post=31966"}],"version-history":[{"count":0,"href":"https:\/\/laburea.com\/az\/wp-json\/wp\/v2\/pages\/31966\/revisions"}],"wp:attachment":[{"href":"https:\/\/laburea.com\/az\/wp-json\/wp\/v2\/media?parent=31966"}],"curies":[{"name":"wp","href":"https:\/\/api.w.org\/{rel}","templated":true}]}}