{"id":31967,"date":"2022-09-09T04:25:28","date_gmt":"2022-09-09T02:25:28","guid":{"rendered":"https:\/\/laburea.com\/tez-tez-veril%c9%99n-suallar\/"},"modified":"2023-06-14T08:19:30","modified_gmt":"2023-06-14T06:19:30","slug":"tez-tez-veril%c9%99n-suallar","status":"publish","type":"page","link":"https:\/\/laburea.com\/az\/tez-tez-veril%c9%99n-suallar\/","title":{"rendered":"Tez-tez veril\u0259n suallar"},"content":{"rendered":"\t\t<div data-elementor-type=\"wp-page\" data-elementor-id=\"31967\" class=\"elementor elementor-31967 elementor-53\" data-elementor-post-type=\"page\">\n\t\t\t\t\t\t<section class=\"elementor-section elementor-top-section elementor-element elementor-element-52ede90 elementor-section-stretched elementor-section-boxed elementor-section-height-default elementor-section-height-default\" data-id=\"52ede90\" data-element_type=\"section\" data-e-type=\"section\" data-settings=\"{&quot;stretch_section&quot;:&quot;section-stretched&quot;}\">\n\t\t\t\t\t\t<div class=\"elementor-container elementor-column-gap-extended\">\n\t\t\t\t\t<div class=\"elementor-column elementor-col-100 elementor-top-column elementor-element elementor-element-e1ce4dc\" data-id=\"e1ce4dc\" data-element_type=\"column\" data-e-type=\"column\">\n\t\t\t<div class=\"elementor-widget-wrap elementor-element-populated\">\n\t\t\t\t\t\t<div class=\"elementor-element elementor-element-0c85081 elementor-invisible elementor-widget elementor-widget-heading\" data-id=\"0c85081\" data-element_type=\"widget\" data-e-type=\"widget\" data-settings=\"{&quot;_animation&quot;:&quot;slide-up&quot;}\" data-widget_type=\"heading.default\">\n\t\t\t\t<div class=\"elementor-widget-container\">\n\t\t\t\t\t<h2 class=\"elementor-heading-title elementor-size-default\">Tez-tez soru\u015fulan suallar<\/h2>\t\t\t\t<\/div>\n\t\t\t\t<\/div>\n\t\t\t\t<div class=\"elementor-element elementor-element-47d6a2b elementor-widget__width-initial elementor-invisible elementor-widget elementor-widget-heading\" data-id=\"47d6a2b\" data-element_type=\"widget\" data-e-type=\"widget\" data-settings=\"{&quot;_animation&quot;:&quot;slide-up&quot;,&quot;_animation_delay&quot;:300}\" data-widget_type=\"heading.default\">\n\t\t\t\t<div class=\"elementor-widget-container\">\n\t\t\t\t\t<h2 class=\"elementor-heading-title elementor-size-default\">\u00d6d\u0259ni\u015fl\u0259r<\/h2>\t\t\t\t<\/div>\n\t\t\t\t<\/div>\n\t\t\t\t<div class=\"elementor-element elementor-element-7b3671b elementor-widget__width-initial st-green elementor-invisible elementor-widget elementor-widget-accordion\" data-id=\"7b3671b\" data-element_type=\"widget\" data-e-type=\"widget\" data-settings=\"{&quot;_animation&quot;:&quot;slide-up&quot;,&quot;_animation_delay&quot;:400}\" data-widget_type=\"accordion.default\">\n\t\t\t\t<div class=\"elementor-widget-container\">\n\t\t\t\t\t\t\t<div class=\"elementor-accordion\">\n\t\t\t\t\t\t\t<div class=\"elementor-accordion-item\">\n\t\t\t\t\t<div id=\"elementor-tab-title-1291\" class=\"elementor-tab-title\" data-tab=\"1\" role=\"button\" aria-controls=\"elementor-tab-content-1291\" aria-expanded=\"false\">\n\t\t\t\t\t\t\t\t\t\t\t\t\t<span class=\"elementor-accordion-icon elementor-accordion-icon-right\" aria-hidden=\"true\">\n\t\t\t\t\t\t\t\t\t\t\t\t\t\t\t<span class=\"elementor-accordion-icon-closed\"><i class=\"fas fa-plus\"><\/i><\/span>\n\t\t\t\t\t\t\t\t<span class=\"elementor-accordion-icon-opened\"><i class=\"fas fa-minus\"><\/i><\/span>\n\t\t\t\t\t\t\t\t\t\t\t\t\t\t<\/span>\n\t\t\t\t\t\t\t\t\t\t\t\t<a class=\"elementor-accordion-title\" tabindex=\"0\">Frilanserl\u0259 m\u00fc\u015ft\u0259ri aras\u0131nda m\u00fcbahis\u0259 olarsa n\u0259 olar?<\/a>\n\t\t\t\t\t<\/div>\n\t\t\t\t\t<div id=\"elementor-tab-content-1291\" class=\"elementor-tab-content elementor-clearfix\" data-tab=\"1\" role=\"region\" aria-labelledby=\"elementor-tab-title-1291\"><p>Frilanserl\u0259 m\u00fc\u015ft\u0259ri aras\u0131nda m\u00fcbahis\u0259 yaranarsa, biz problemin h\u0259llin\u0259 k\u00f6m\u0259k etm\u0259k \u00fc\u00e7\u00fcn m\u00fcbahis\u0259nin h\u0259lli prosesini t\u0259klif edirik. Platforman\u0131n m\u00fc\u015ft\u0259ri d\u0259st\u0259yi komandas\u0131 m\u00fcbahis\u0259nin t\u0259f\u0259rr\u00fcatlar\u0131n\u0131 n\u0259z\u0259rd\u0259n ke\u00e7ir\u0259c\u0259k v\u0259 \u0259dal\u0259tli h\u0259ll\u0259 nail olmaq \u00fc\u00e7\u00fcn h\u0259r iki t\u0259r\u0259fl\u0259 i\u015fl\u0259y\u0259c\u0259k.<\/p>\n<\/div>\n\t\t\t\t<\/div>\n\t\t\t\t\t\t\t<div class=\"elementor-accordion-item\">\n\t\t\t\t\t<div id=\"elementor-tab-title-1292\" class=\"elementor-tab-title\" data-tab=\"2\" role=\"button\" aria-controls=\"elementor-tab-content-1292\" aria-expanded=\"false\">\n\t\t\t\t\t\t\t\t\t\t\t\t\t<span class=\"elementor-accordion-icon elementor-accordion-icon-right\" aria-hidden=\"true\">\n\t\t\t\t\t\t\t\t\t\t\t\t\t\t\t<span class=\"elementor-accordion-icon-closed\"><i class=\"fas fa-plus\"><\/i><\/span>\n\t\t\t\t\t\t\t\t<span class=\"elementor-accordion-icon-opened\"><i class=\"fas fa-minus\"><\/i><\/span>\n\t\t\t\t\t\t\t\t\t\t\t\t\t\t<\/span>\n\t\t\t\t\t\t\t\t\t\t\t\t<a class=\"elementor-accordion-title\" tabindex=\"0\">\u0130st\u0259nil\u0259n vaxt l\u0259\u011fv ed\u0259 bil\u0259r\u0259mmi?<\/a>\n\t\t\t\t\t<\/div>\n\t\t\t\t\t<div id=\"elementor-tab-content-1292\" class=\"elementor-tab-content elementor-clearfix\" data-tab=\"2\" role=\"region\" aria-labelledby=\"elementor-tab-title-1292\"><p>B\u0259li, m\u00fcst\u0259qil platformam\u0131zda ist\u0259nil\u0259n vaxt hesab\u0131n\u0131z\u0131 l\u0259\u011fv ed\u0259 bil\u0259rsiniz. L\u0259\u011fv prosesini ba\u015flamaq \u00fc\u00e7\u00fcn d\u0259st\u0259k komandam\u0131zla \u0259laq\u0259 saxlay\u0131n v\u0259 onlar siz\u0259 k\u00f6m\u0259k etm\u0259kd\u0259n m\u0259mnun olacaqlar. Komandam\u0131z platformam\u0131z\u0131 t\u0259kmill\u0259\u015fdirm\u0259k \u00fc\u00e7\u00fcn \u0259lav\u0259 m\u0259lumat ist\u0259y\u0259 bil\u0259r, lakin \u0259min olun ki, hesab\u0131n l\u0259\u011fvi il\u0259 ba\u011fl\u0131 sor\u011funuz yerin\u0259 yetiril\u0259c\u0259k.<\/p>\n<\/div>\n\t\t\t\t<\/div>\n\t\t\t\t\t\t\t<div class=\"elementor-accordion-item\">\n\t\t\t\t\t<div id=\"elementor-tab-title-1293\" class=\"elementor-tab-title\" data-tab=\"3\" role=\"button\" aria-controls=\"elementor-tab-content-1293\" aria-expanded=\"false\">\n\t\t\t\t\t\t\t\t\t\t\t\t\t<span class=\"elementor-accordion-icon elementor-accordion-icon-right\" aria-hidden=\"true\">\n\t\t\t\t\t\t\t\t\t\t\t\t\t\t\t<span class=\"elementor-accordion-icon-closed\"><i class=\"fas fa-plus\"><\/i><\/span>\n\t\t\t\t\t\t\t\t<span class=\"elementor-accordion-icon-opened\"><i class=\"fas fa-minus\"><\/i><\/span>\n\t\t\t\t\t\t\t\t\t\t\t\t\t\t<\/span>\n\t\t\t\t\t\t\t\t\t\t\t\t<a class=\"elementor-accordion-title\" tabindex=\"0\">Siz platformada frilanserl\u0259rin keyfiyy\u0259tini nec\u0259 t\u0259min edirsiniz?<\/a>\n\t\t\t\t\t<\/div>\n\t\t\t\t\t<div id=\"elementor-tab-content-1293\" class=\"elementor-tab-content elementor-clearfix\" data-tab=\"3\" role=\"region\" aria-labelledby=\"elementor-tab-title-1293\"><p>Biz frilanserl\u0259rimizin keyfiyy\u0259tin\u0259 \u00e7ox ciddi yana\u015f\u0131r\u0131q v\u0259 platformam\u0131za yaln\u0131z \u0259n yax\u015f\u0131 namiz\u0259dl\u0259rin q\u0259bul edilm\u0259sini t\u0259min etm\u0259k \u00fc\u00e7\u00fcn ciddi yoxlama prosesin\u0259 sahibik. Platformam\u0131zdak\u0131 b\u00fct\u00fcn frilanserl\u0259r bacar\u0131qlar\u0131n\u0131, t\u0259cr\u00fcb\u0259l\u0259rini v\u0259 \u00fcnsiyy\u0259t bacar\u0131qlar\u0131n\u0131 qiym\u0259tl\u0259ndirm\u0259k \u00fc\u00e7\u00fcn komandam\u0131z t\u0259r\u0259find\u0259n se\u00e7ilir v\u0259 m\u00fcsahib\u0259 al\u0131rlar. Biz, h\u0259m\u00e7inin, y\u00fcks\u0259k standartlara cavab verm\u0259l\u0259rini t\u0259min etm\u0259k \u00fc\u00e7\u00fcn fon yoxlan\u0131\u015f\u0131 apar\u0131r\u0131q v\u0259 onlar\u0131n portfell\u0259rini v\u0259 istinadlar\u0131n\u0131 n\u0259z\u0259rd\u0259n ke\u00e7iririk.<\/p>\n<p>Bundan \u0259lav\u0259, biz m\u00fc\u015ft\u0259ril\u0259ri h\u0259r layih\u0259d\u0259n sonra frilanserl\u0259r \u00fc\u00e7\u00fcn r\u0259y v\u0259 reytinql\u0259r buraxma\u011fa t\u0259\u015fviq edirik ki, bu da platformam\u0131zda i\u015fin keyfiyy\u0259tini qoruma\u011fa k\u00f6m\u0259k edir. Frilanserd\u0259n keyfiyy\u0259tsiz i\u015f v\u0259 ya qeyri-pe\u015f\u0259kar davran\u0131\u015fla ba\u011fl\u0131 h\u0259r hans\u0131 hesabat alsaq, problemi ara\u015fd\u0131rmaq v\u0259 h\u0259ll etm\u0259k \u00fc\u00e7\u00fcn d\u0259rhal t\u0259dbirl\u0259r g\u00f6r\u00fcr\u00fck.<\/p>\n<p>Biz ba\u015fa d\u00fc\u015f\u00fcr\u00fck ki, layih\u0259niz \u00fc\u00e7\u00fcn d\u00fczg\u00fcn frilanser tapmaq vacibdir v\u0259 biz sizi h\u0259d\u0259fl\u0259riniz\u0259 \u00e7atma\u011f\u0131n\u0131za k\u00f6m\u0259k ed\u0259 bil\u0259c\u0259k y\u00fcks\u0259k keyfiyy\u0259tli frilanserl\u0259rl\u0259 birl\u0259\u015fdir\u0259n platforma t\u0259qdim etm\u0259y\u0259 \u00e7al\u0131\u015f\u0131r\u0131q. Freelancerl\u0259rimizin keyfiyy\u0259ti il\u0259 ba\u011fl\u0131 h\u0259r hans\u0131 sual\u0131n\u0131z v\u0259 ya narahatl\u0131\u011f\u0131n\u0131z varsa, k\u00f6m\u0259k \u00fc\u00e7\u00fcn d\u0259st\u0259k komandam\u0131zla \u0259laq\u0259 saxlamaqdan \u00e7\u0259kinm\u0259yin.<\/p>\n<\/div>\n\t\t\t\t<\/div>\n\t\t\t\t\t\t\t<div class=\"elementor-accordion-item\">\n\t\t\t\t\t<div id=\"elementor-tab-title-1294\" class=\"elementor-tab-title\" data-tab=\"4\" role=\"button\" aria-controls=\"elementor-tab-content-1294\" aria-expanded=\"false\">\n\t\t\t\t\t\t\t\t\t\t\t\t\t<span class=\"elementor-accordion-icon elementor-accordion-icon-right\" aria-hidden=\"true\">\n\t\t\t\t\t\t\t\t\t\t\t\t\t\t\t<span class=\"elementor-accordion-icon-closed\"><i class=\"fas fa-plus\"><\/i><\/span>\n\t\t\t\t\t\t\t\t<span class=\"elementor-accordion-icon-opened\"><i class=\"fas fa-minus\"><\/i><\/span>\n\t\t\t\t\t\t\t\t\t\t\t\t\t\t<\/span>\n\t\t\t\t\t\t\t\t\t\t\t\t<a class=\"elementor-accordion-title\" tabindex=\"0\">M\u0259xfi m\u0259lumatlar\u0131 qorumaq \u00fc\u00e7\u00fcn A\u00e7\u0131qlamama M\u00fcqavil\u0259si (NDA) t\u0259klif edirsinizmi?<\/a>\n\t\t\t\t\t<\/div>\n\t\t\t\t\t<div id=\"elementor-tab-content-1294\" class=\"elementor-tab-content elementor-clearfix\" data-tab=\"4\" role=\"region\" aria-labelledby=\"elementor-tab-title-1294\"><p>B\u0259li, biz m\u00fc\u015ft\u0259ril\u0259rimizin v\u0259 frilanserl\u0259rimizin m\u0259xfi m\u0259lumatlar\u0131n\u0131n qorunmas\u0131na k\u00f6m\u0259k etm\u0259k \u00fc\u00e7\u00fcn A\u00e7\u0131qlanmayan M\u00fcqavil\u0259l\u0259r (NDAs) t\u0259klif edirik. \u018fg\u0259r frilanserl\u0259 b\u00f6l\u00fc\u015fm\u0259k ist\u0259diyiniz h\u0259ssas m\u0259lumat\u0131n\u0131z varsa, i\u015f\u0259 q\u0259bul zaman\u0131 NDA t\u0259l\u0259b ed\u0259 bil\u0259rsiniz. Bizim istifad\u0259 ed\u0259 bil\u0259c\u0259yiniz standart NDA \u015fablonlar\u0131m\u0131z var v\u0259 ya siz \u00f6z x\u00fcsusi NDA-n\u0131z\u0131 t\u0259qdim ed\u0259 bil\u0259rsiniz.<\/p>\n<p>N\u0259z\u0259r\u0259 al\u0131n ki, standart NDA \u015fablonlar\u0131m\u0131z m\u0259xfi m\u0259lumat \u00fc\u00e7\u00fcn \u00fcmumi qorunma s\u0259viyy\u0259sini t\u0259min etm\u0259k \u00fc\u00e7\u00fcn n\u0259z\u0259rd\u0259 tutulub v\u0259 onlar b\u00fct\u00fcn v\u0259ziyy\u0259tl\u0259r \u00fc\u00e7\u00fcn uy\u011fun olmaya bil\u0259r. NDA \u00fc\u00e7\u00fcn x\u00fcsusi t\u0259l\u0259bl\u0259riniz varsa, NDA-n\u0131n ehtiyaclar\u0131n\u0131za cavab verm\u0259sini t\u0259min etm\u0259k \u00fc\u00e7\u00fcn h\u00fcquq m\u00fct\u0259x\u0259ssisi il\u0259 m\u0259sl\u0259h\u0259tl\u0259\u015fm\u0259nizi t\u00f6vsiy\u0259 edirik.<\/p>\n<p>Platformam\u0131zda m\u0259xfiliy\u0259 v\u0259 t\u0259hl\u00fck\u0259sizliy\u0259 ciddi yana\u015f\u0131r\u0131q v\u0259 qiym\u0259tli m\u0259lumatlar\u0131n\u0131z\u0131 qoruma\u011fa sadiqik. NDA-lar v\u0259 ya t\u0259hl\u00fck\u0259sizlikl\u0259 ba\u011fl\u0131 h\u0259r hans\u0131 dig\u0259r m\u0259s\u0259l\u0259l\u0259rl\u0259 ba\u011fl\u0131 h\u0259r hans\u0131 sual\u0131n\u0131z v\u0259 ya narahatl\u0131\u011f\u0131n\u0131z varsa, k\u00f6m\u0259k \u00fc\u00e7\u00fcn d\u0259st\u0259k komandam\u0131zla \u0259laq\u0259 saxlamaqdan \u00e7\u0259kinm\u0259yin.<\/p>\n<\/div>\n\t\t\t\t<\/div>\n\t\t\t\t\t\t\t<div class=\"elementor-accordion-item\">\n\t\t\t\t\t<div id=\"elementor-tab-title-1295\" class=\"elementor-tab-title\" data-tab=\"5\" role=\"button\" aria-controls=\"elementor-tab-content-1295\" aria-expanded=\"false\">\n\t\t\t\t\t\t\t\t\t\t\t\t\t<span class=\"elementor-accordion-icon elementor-accordion-icon-right\" aria-hidden=\"true\">\n\t\t\t\t\t\t\t\t\t\t\t\t\t\t\t<span class=\"elementor-accordion-icon-closed\"><i class=\"fas fa-plus\"><\/i><\/span>\n\t\t\t\t\t\t\t\t<span class=\"elementor-accordion-icon-opened\"><i class=\"fas fa-minus\"><\/i><\/span>\n\t\t\t\t\t\t\t\t\t\t\t\t\t\t<\/span>\n\t\t\t\t\t\t\t\t\t\t\t\t<a class=\"elementor-accordion-title\" tabindex=\"0\">Yard\u0131m \u00fc\u00e7\u00fcn d\u0259st\u0259k d\u0259st\u0259yi il\u0259 nec\u0259 \u0259laq\u0259 saxlaya bil\u0259r\u0259m?<\/a>\n\t\t\t\t\t<\/div>\n\t\t\t\t\t<div id=\"elementor-tab-content-1295\" class=\"elementor-tab-content elementor-clearfix\" data-tab=\"5\" role=\"region\" aria-labelledby=\"elementor-tab-title-1295\"><p>Yard\u0131m \u00fc\u00e7\u00fcn d\u0259st\u0259k komandam\u0131zla \u0259laq\u0259 saxlama\u011f\u0131n m\u00fcxt\u0259lif yollar\u0131n\u0131 t\u0259klif edirik. D\u0259st\u0259k agenti il\u0259 s\u00f6hb\u0259t\u0259 ba\u015flamaq \u00fc\u00e7\u00fcn ekran\u0131n\u0131z\u0131n a\u015fa\u011f\u0131 sa\u011f t\u0259r\u0259find\u0259 yerl\u0259\u015f\u0259n s\u00f6hb\u0259t i\u015far\u0259sin\u0259 basaraq biziml\u0259 \u0259laq\u0259 saxlaya bil\u0259rsiniz. Alternativ olaraq, biz\u0259 e-po\u00e7t g\u00f6nd\u0259r\u0259 v\u0259 ya veb sayt\u0131m\u0131zda \u0259laq\u0259 formas\u0131n\u0131 doldura bil\u0259rsiniz v\u0259 komanda \u00fczvl\u0259rimizd\u0259n biri sor\u011funuza \u0259n q\u0131sa zamanda cavab ver\u0259c\u0259kdir.<\/p>\n<p>D\u0259st\u0259k komandam\u0131z platformam\u0131zdan istifad\u0259 ed\u0259rk\u0259n qar\u015f\u0131la\u015fa bil\u0259c\u0259yiniz h\u0259r hans\u0131 sual v\u0259 ya probleml\u0259 ba\u011fl\u0131 siz\u0259 yard\u0131m etm\u0259y\u0259 haz\u0131rd\u0131r. Texniki m\u0259s\u0259l\u0259l\u0259rd\u0259 k\u00f6m\u0259y\u0259 ehtiyac\u0131n\u0131z olub-olmamas\u0131ndan, siyas\u0259tl\u0259rimizl\u0259 ba\u011fl\u0131 suallar\u0131n\u0131zdan v\u0259 ya layih\u0259 il\u0259 ba\u011fl\u0131 k\u00f6m\u0259y\u0259 ehtiyac\u0131n\u0131z olub-olmamas\u0131ndan as\u0131l\u0131 olmayaraq, komandam\u0131z k\u00f6m\u0259k etm\u0259k \u00fc\u00e7\u00fcn buradad\u0131r. Platformam\u0131zda m\u00fcsb\u0259t t\u0259cr\u00fcb\u0259niz olmas\u0131n\u0131 t\u0259min etm\u0259k \u00fc\u00e7\u00fcn vaxt\u0131nda v\u0259 effektiv d\u0259st\u0259k verm\u0259y\u0259 \u00e7al\u0131\u015f\u0131r\u0131q.<\/p>\n<p>S\u0259rb\u0259st i\u015finiz \u00fc\u00e7\u00fcn platformam\u0131z\u0131 n\u0259z\u0259rd\u0259n ke\u00e7irdiyiniz \u00fc\u00e7\u00fcn t\u0259\u015f\u0259kk\u00fcr edirik v\u0259 k\u00f6m\u0259y\u0259 ehtiyac\u0131n\u0131z olarsa v\u0259 ya h\u0259r hans\u0131 sual\u0131n\u0131z v\u0259 ya narahatl\u0131\u011f\u0131n\u0131z olarsa, biziml\u0259 \u0259laq\u0259 saxlamaqdan \u00e7\u0259kinm\u0259yin.<\/p>\n<\/div>\n\t\t\t\t<\/div>\n\t\t\t\t\t\t\t<div class=\"elementor-accordion-item\">\n\t\t\t\t\t<div id=\"elementor-tab-title-1296\" class=\"elementor-tab-title\" data-tab=\"6\" role=\"button\" aria-controls=\"elementor-tab-content-1296\" aria-expanded=\"false\">\n\t\t\t\t\t\t\t\t\t\t\t\t\t<span class=\"elementor-accordion-icon elementor-accordion-icon-right\" aria-hidden=\"true\">\n\t\t\t\t\t\t\t\t\t\t\t\t\t\t\t<span class=\"elementor-accordion-icon-closed\"><i class=\"fas fa-plus\"><\/i><\/span>\n\t\t\t\t\t\t\t\t<span class=\"elementor-accordion-icon-opened\"><i class=\"fas fa-minus\"><\/i><\/span>\n\t\t\t\t\t\t\t\t\t\t\t\t\t\t<\/span>\n\t\t\t\t\t\t\t\t\t\t\t\t<a class=\"elementor-accordion-title\" tabindex=\"0\">M\u0259lumatlar\u0131m\u0131n t\u0259hl\u00fck\u0259sizliyini v\u0259 m\u0259xfiliyini nec\u0259 t\u0259min edirsiniz?<\/a>\n\t\t\t\t\t<\/div>\n\t\t\t\t\t<div id=\"elementor-tab-content-1296\" class=\"elementor-tab-content elementor-clearfix\" data-tab=\"6\" role=\"region\" aria-labelledby=\"elementor-tab-title-1296\"><p>Biz m\u0259lumat\u0131n\u0131z\u0131n t\u0259hl\u00fck\u0259sizliyin\u0259 v\u0259 m\u0259xfiliyin\u0259 ciddi yana\u015f\u0131r\u0131q v\u0259 onu qorumaq \u00fc\u00e7\u00fcn m\u00fcxt\u0259lif t\u0259dbirl\u0259r h\u0259yata ke\u00e7irmi\u015fik. Buraya t\u0259hl\u00fck\u0259siz serverl\u0259rd\u0259n istifad\u0259, b\u00fct\u00fcn m\u0259lumatlar\u0131n \u015fifr\u0259l\u0259nm\u0259si v\u0259 ciddi giri\u015f n\u0259zar\u0259tl\u0259rinin h\u0259yata ke\u00e7irilm\u0259si daxildir.<\/p>\n<\/div>\n\t\t\t\t<\/div>\n\t\t\t\t\t\t\t<div class=\"elementor-accordion-item\">\n\t\t\t\t\t<div id=\"elementor-tab-title-1297\" class=\"elementor-tab-title\" data-tab=\"7\" role=\"button\" aria-controls=\"elementor-tab-content-1297\" aria-expanded=\"false\">\n\t\t\t\t\t\t\t\t\t\t\t\t\t<span class=\"elementor-accordion-icon elementor-accordion-icon-right\" aria-hidden=\"true\">\n\t\t\t\t\t\t\t\t\t\t\t\t\t\t\t<span class=\"elementor-accordion-icon-closed\"><i class=\"fas fa-plus\"><\/i><\/span>\n\t\t\t\t\t\t\t\t<span class=\"elementor-accordion-icon-opened\"><i class=\"fas fa-minus\"><\/i><\/span>\n\t\t\t\t\t\t\t\t\t\t\t\t\t\t<\/span>\n\t\t\t\t\t\t\t\t\t\t\t\t<a class=\"elementor-accordion-title\" tabindex=\"0\">Freelancerim t\u0259r\u0259find\u0259n veril\u0259n i\u015f m\u0259ni qane etm\u0259s\u0259m n\u0259 olar?<\/a>\n\t\t\t\t\t<\/div>\n\t\t\t\t\t<div id=\"elementor-tab-content-1297\" class=\"elementor-tab-content elementor-clearfix\" data-tab=\"7\" role=\"region\" aria-labelledby=\"elementor-tab-title-1297\"><p>Frilanserl\u0259rimizin t\u0259qdim etdiyi i\u015fd\u0259n raz\u0131 qalma\u011f\u0131n\u0131z \u00fc\u00e7\u00fcn m\u0259mnunluq z\u0259man\u0259ti t\u0259klif edirik. \u018fg\u0259r i\u015f sizi qane etmirs\u0259, d\u00fcz\u0259li\u015fl\u0259r v\u0259 ya pulun geri qaytar\u0131lmas\u0131n\u0131 t\u0259l\u0259b ed\u0259 bil\u0259rsiniz.<\/p>\n<\/div>\n\t\t\t\t<\/div>\n\t\t\t\t\t\t\t\t<\/div>\n\t\t\t\t\t\t<\/div>\n\t\t\t\t<\/div>\n\t\t\t\t\t<\/div>\n\t\t<\/div>\n\t\t\t\t\t<\/div>\n\t\t<\/section>\n\t\t\t\t<\/div>\n\t\t","protected":false},"excerpt":{"rendered":"<p>Tez-tez soru\u015fulan suallar \u00d6d\u0259ni\u015fl\u0259r Frilanserl\u0259 m\u00fc\u015ft\u0259ri aras\u0131nda m\u00fcbahis\u0259 olarsa n\u0259 olar? Frilanserl\u0259 m\u00fc\u015ft\u0259ri aras\u0131nda m\u00fcbahis\u0259 yaranarsa, biz problemin h\u0259llin\u0259 k\u00f6m\u0259k etm\u0259k \u00fc\u00e7\u00fcn m\u00fcbahis\u0259nin h\u0259lli prosesini t\u0259klif edirik. Platforman\u0131n m\u00fc\u015ft\u0259ri d\u0259st\u0259yi komandas\u0131 m\u00fcbahis\u0259nin t\u0259f\u0259rr\u00fcatlar\u0131n\u0131 n\u0259z\u0259rd\u0259n ke\u00e7ir\u0259c\u0259k v\u0259 \u0259dal\u0259tli h\u0259ll\u0259 nail olmaq \u00fc\u00e7\u00fcn h\u0259r iki t\u0259r\u0259fl\u0259 i\u015fl\u0259y\u0259c\u0259k. \u0130st\u0259nil\u0259n vaxt l\u0259\u011fv ed\u0259 bil\u0259r\u0259mmi? B\u0259li, m\u00fcst\u0259qil platformam\u0131zda ist\u0259nil\u0259n vaxt [&hellip;]<\/p>\n","protected":false},"author":1,"featured_media":0,"parent":0,"menu_order":0,"comment_status":"closed","ping_status":"closed","template":"","meta":{"inline_featured_image":false,"footnotes":""},"class_list":["post-31967","page","type-page","status-publish","hentry"],"_links":{"self":[{"href":"https:\/\/laburea.com\/az\/wp-json\/wp\/v2\/pages\/31967","targetHints":{"allow":["GET"]}}],"collection":[{"href":"https:\/\/laburea.com\/az\/wp-json\/wp\/v2\/pages"}],"about":[{"href":"https:\/\/laburea.com\/az\/wp-json\/wp\/v2\/types\/page"}],"author":[{"embeddable":true,"href":"https:\/\/laburea.com\/az\/wp-json\/wp\/v2\/users\/1"}],"replies":[{"embeddable":true,"href":"https:\/\/laburea.com\/az\/wp-json\/wp\/v2\/comments?post=31967"}],"version-history":[{"count":0,"href":"https:\/\/laburea.com\/az\/wp-json\/wp\/v2\/pages\/31967\/revisions"}],"wp:attachment":[{"href":"https:\/\/laburea.com\/az\/wp-json\/wp\/v2\/media?parent=31967"}],"curies":[{"name":"wp","href":"https:\/\/api.w.org\/{rel}","templated":true}]}}