{"id":32014,"date":"2022-09-09T04:25:13","date_gmt":"2022-09-09T02:25:13","guid":{"rendered":"https:\/\/laburea.com\/qiym%c9%99tl%c9%99ndirm%c9%99\/"},"modified":"2023-05-08T20:55:07","modified_gmt":"2023-05-08T18:55:07","slug":"qiym%c9%99tl%c9%99ndirm%c9%99","status":"publish","type":"page","link":"https:\/\/laburea.com\/az\/qiym%c9%99tl%c9%99ndirm%c9%99\/","title":{"rendered":"Qiym\u0259tl\u0259ndirm\u0259"},"content":{"rendered":"\t\t<div data-elementor-type=\"wp-page\" data-elementor-id=\"32014\" class=\"elementor elementor-32014 elementor-51\" data-elementor-post-type=\"page\">\n\t\t\t\t\t\t<section class=\"elementor-section elementor-top-section elementor-element elementor-element-52fc980 elementor-section-stretched elementor-section-boxed elementor-section-height-default elementor-section-height-default\" data-id=\"52fc980\" data-element_type=\"section\" data-e-type=\"section\" data-settings=\"{&quot;stretch_section&quot;:&quot;section-stretched&quot;}\">\n\t\t\t\t\t\t<div class=\"elementor-container elementor-column-gap-extended\">\n\t\t\t\t\t<div class=\"elementor-column elementor-col-100 elementor-top-column elementor-element elementor-element-738f76e elementor-invisible\" data-id=\"738f76e\" data-element_type=\"column\" data-e-type=\"column\" data-settings=\"{&quot;animation&quot;:&quot;slide-up&quot;}\">\n\t\t\t<div class=\"elementor-widget-wrap elementor-element-populated\">\n\t\t\t\t\t\t<div class=\"elementor-element elementor-element-232d58d elementor-widget elementor-widget-heading\" data-id=\"232d58d\" data-element_type=\"widget\" data-e-type=\"widget\" data-widget_type=\"heading.default\">\n\t\t\t\t<div class=\"elementor-widget-container\">\n\t\t\t\t\t<h2 class=\"elementor-heading-title elementor-size-default\">\u00dczvl\u00fck Planlar\u0131<\/h2>\t\t\t\t<\/div>\n\t\t\t\t<\/div>\n\t\t\t\t<div class=\"elementor-element elementor-element-44ecccc elementor-widget elementor-widget-text-editor\" data-id=\"44ecccc\" data-element_type=\"widget\" data-e-type=\"widget\" data-widget_type=\"text-editor.default\">\n\t\t\t\t<div class=\"elementor-widget-container\">\n\t\t\t\t\t\t\t\t\t<p>Lorem ipsum dolor sit amet, consectetur.<\/p>\n\t\t\t\t\t\t\t\t<\/div>\n\t\t\t\t<\/div>\n\t\t\t\t\t<\/div>\n\t\t<\/div>\n\t\t\t\t\t<\/div>\n\t\t<\/section>\n\t\t\t\t<section class=\"elementor-section elementor-top-section elementor-element elementor-element-252b463 elementor-section-stretched elementor-section-boxed elementor-section-height-default elementor-section-height-default\" data-id=\"252b463\" data-element_type=\"section\" data-e-type=\"section\" data-settings=\"{&quot;stretch_section&quot;:&quot;section-stretched&quot;}\">\n\t\t\t\t\t\t<div class=\"elementor-container elementor-column-gap-extended\">\n\t\t\t\t\t<div class=\"elementor-column elementor-col-100 elementor-top-column elementor-element elementor-element-4cd41db elementor-invisible\" data-id=\"4cd41db\" data-element_type=\"column\" data-e-type=\"column\" data-settings=\"{&quot;animation&quot;:&quot;slide-up&quot;,&quot;animation_delay&quot;:300}\">\n\t\t\t<div class=\"elementor-widget-wrap\">\n\t\t\t\t\t\t\t<\/div>\n\t\t<\/div>\n\t\t\t\t\t<\/div>\n\t\t<\/section>\n\t\t\t\t<\/div>\n\t\t","protected":false},"excerpt":{"rendered":"<p>\u00dczvl\u00fck Planlar\u0131 Lorem ipsum dolor sit amet, consectetur.<\/p>\n","protected":false},"author":1,"featured_media":0,"parent":0,"menu_order":0,"comment_status":"closed","ping_status":"closed","template":"","meta":{"inline_featured_image":false,"footnotes":""},"class_list":["post-32014","page","type-page","status-publish","hentry"],"_links":{"self":[{"href":"https:\/\/laburea.com\/az\/wp-json\/wp\/v2\/pages\/32014","targetHints":{"allow":["GET"]}}],"collection":[{"href":"https:\/\/laburea.com\/az\/wp-json\/wp\/v2\/pages"}],"about":[{"href":"https:\/\/laburea.com\/az\/wp-json\/wp\/v2\/types\/page"}],"author":[{"embeddable":true,"href":"https:\/\/laburea.com\/az\/wp-json\/wp\/v2\/users\/1"}],"replies":[{"embeddable":true,"href":"https:\/\/laburea.com\/az\/wp-json\/wp\/v2\/comments?post=32014"}],"version-history":[{"count":0,"href":"https:\/\/laburea.com\/az\/wp-json\/wp\/v2\/pages\/32014\/revisions"}],"wp:attachment":[{"href":"https:\/\/laburea.com\/az\/wp-json\/wp\/v2\/media?parent=32014"}],"curies":[{"name":"wp","href":"https:\/\/api.w.org\/{rel}","templated":true}]}}